{"id":1107,"date":"2022-07-26T12:06:24","date_gmt":"2022-07-26T10:06:24","guid":{"rendered":"https:\/\/award.handelsblatt.com\/global-transition-2023\/?page_id=1107"},"modified":"2025-07-16T11:04:48","modified_gmt":"2025-07-16T09:04:48","slug":"faq-2","status":"publish","type":"page","link":"https:\/\/award.handelsblatt.com\/global-transition\/bewerben-2\/faq-2\/","title":{"rendered":"FAQ"},"content":{"rendered":"<div id='hero-section'  class='av-layout-grid-container av-vqcmyr-edea535f7b556a6fb8132ee6a2a8873b entry-content-wrapper main_color av-flex-cells  avia-builder-el-0  el_before_av_section  avia-builder-el-first   container_wrap fullsize'  >\n\n<style type=\"text\/css\" data-created_by=\"avia_inline_auto\" id=\"style-css-av-urvur7-08153354cc1b17a4b03cc401b865e8a8\">\n.flex_cell.av-urvur7-08153354cc1b17a4b03cc401b865e8a8{\nvertical-align:middle;\nheight:600px;\nmin-height:600px;\nbackground:url(https:\/\/award.handelsblatt.com\/global-transition\/wp-content\/uploads\/sites\/16\/2023\/03\/shifaaz-shamoon-4mQbBC6Do0Y-unsplash-e1653564835868.jpg) 50% 50% no-repeat scroll ;\n}\n<\/style>\n<div class='flex_cell av-urvur7-08153354cc1b17a4b03cc401b865e8a8 av-gridrow-cell av_one_full no_margin  avia-builder-el-1  avia-builder-el-no-sibling  content-align-middle avia-full-stretch'  ><div class='flex_cell_inner'>\n<style type=\"text\/css\" data-created_by=\"avia_inline_auto\" id=\"style-css-av-tbczrn-90553f8091998a7d27ac26b8c85adaab\">\n#top .av_textblock_section.av-tbczrn-90553f8091998a7d27ac26b8c85adaab .avia_textblock{\ncolor:#ffffff;\n}\n<\/style>\n<section  class='av_textblock_section av-tbczrn-90553f8091998a7d27ac26b8c85adaab '   itemscope=\"itemscope\" itemtype=\"https:\/\/schema.org\/CreativeWork\" ><div class='avia_textblock av_inherit_color'  itemprop=\"text\" ><h1 style=\"text-align: center;\">TOGETHER FOR A <strong>1.5 \u00b0C FUTURE<\/strong><\/h1>\n<\/div><\/section><br \/>\n\n<style type=\"text\/css\" data-created_by=\"avia_inline_auto\" id=\"style-css-av-2qyhb7-a08cf6b9837bcc0f92d51cb7edb65f7e\">\n#top .av_textblock_section.av-2qyhb7-a08cf6b9837bcc0f92d51cb7edb65f7e .avia_textblock{\nfont-size:20px;\ncolor:#ffffff;\n}\n\n@media only screen and (min-width: 480px) and (max-width: 767px){ \n#top .av_textblock_section.av-2qyhb7-a08cf6b9837bcc0f92d51cb7edb65f7e .avia_textblock{\nfont-size:16px;\n}\n}\n\n@media only screen and (max-width: 479px){ \n#top .av_textblock_section.av-2qyhb7-a08cf6b9837bcc0f92d51cb7edb65f7e .avia_textblock{\nfont-size:16px;\n}\n}\n<\/style>\n<section  class='av_textblock_section av-2qyhb7-a08cf6b9837bcc0f92d51cb7edb65f7e '   itemscope=\"itemscope\" itemtype=\"https:\/\/schema.org\/CreativeWork\" ><div class='avia_textblock av_inherit_color'  itemprop=\"text\" ><p style=\"text-align: center;\"><strong>Gesucht: Deutschlands Vorreiter bei der Dekarbonisierung<\/strong><\/p>\n<\/div><\/section><br \/>\n\n<style type=\"text\/css\" data-created_by=\"avia_inline_auto\" id=\"style-css-av-pwzcdf-0a461965b9e2ef7bf954c63d573635a4\">\n#top .av_textblock_section.av-pwzcdf-0a461965b9e2ef7bf954c63d573635a4 .avia_textblock{\nfont-size:12px;\ncolor:#d1edec;\n}\n<\/style>\n<section  class='av_textblock_section av-pwzcdf-0a461965b9e2ef7bf954c63d573635a4 '   itemscope=\"itemscope\" itemtype=\"https:\/\/schema.org\/CreativeWork\" ><div class='avia_textblock copyright av_inherit_color'  itemprop=\"text\" ><p style=\"text-align: right;\">Foto: Shifaaz Shamoon via Unsplash<\/p>\n<\/div><\/section><\/p>\n<\/div><\/div>\n<\/div>\n<div id='av_section_1'  class='avia-section av-nyn6yr-e325dc0b8a3f2cc6678ff3b1289098e4 main_color avia-section-default avia-no-border-styling  avia-builder-el-5  el_after_av_layout_row  avia-builder-el-last  avia-bg-style-scroll container_wrap fullsize'  ><div class='container av-section-cont-open' ><div class='template-page content  av-content-full alpha units'><div class='post-entry post-entry-type-page post-entry-1107'><div class='entry-content-wrapper clearfix'>\n\n<style type=\"text\/css\" data-created_by=\"avia_inline_auto\" id=\"style-css-av-mt5a3n-ff44e9bae2f7e5271ddffd24feba3851\">\n#top .av-special-heading.av-mt5a3n-ff44e9bae2f7e5271ddffd24feba3851{\npadding-bottom:10px;\n}\nbody .av-special-heading.av-mt5a3n-ff44e9bae2f7e5271ddffd24feba3851 .av-special-heading-tag .heading-char{\nfont-size:25px;\n}\n.av-special-heading.av-mt5a3n-ff44e9bae2f7e5271ddffd24feba3851 .av-subheading{\nfont-size:15px;\n}\n<\/style>\n<div  class='av-special-heading av-mt5a3n-ff44e9bae2f7e5271ddffd24feba3851 av-special-heading-h2 blockquote modern-quote  avia-builder-el-6  el_before_av_toggle_container  avia-builder-el-first '><h2 class='av-special-heading-tag '  itemprop=\"headline\"  >FAQ \u2013 Global Transition Award<\/h2><div class=\"special-heading-border\"><div class=\"special-heading-inner-border\"><\/div><\/div><\/div>\n\n<style type=\"text\/css\" data-created_by=\"avia_inline_auto\" id=\"style-css-av-l3f23n-4f069840b31b438c9f8c8ea3ef3a43f9\">\n#top .togglecontainer.av-l3f23n-4f069840b31b438c9f8c8ea3ef3a43f9 p.toggler{\ncolor:#ffffff;\nbackground-color:#0a5472;\nborder-color:#ffffff;\n}\n#top .togglecontainer.av-l3f23n-4f069840b31b438c9f8c8ea3ef3a43f9 p.toggler.activeTitle{\ncolor:#ffffff;\nborder-color:#ffffff;\nbackground-color:#0a5472;\n}\n#top .togglecontainer.av-l3f23n-4f069840b31b438c9f8c8ea3ef3a43f9 p.toggler:not(.activeTitle):hover{\nbackground-color:#0a5472;\n}\n#top .togglecontainer.av-l3f23n-4f069840b31b438c9f8c8ea3ef3a43f9 p.toggler .toggle_icon{\ncolor:#ffffff;\nborder-color:#ffffff;\n}\n#top .togglecontainer.av-l3f23n-4f069840b31b438c9f8c8ea3ef3a43f9 p.toggler .toggle_icon > span{\ncolor:#ffffff;\nborder-color:#ffffff;\n}\n#top .togglecontainer.av-l3f23n-4f069840b31b438c9f8c8ea3ef3a43f9 p.toggler.activeTitle .toggle_icon, #top .togglecontainer.av-l3f23n-4f069840b31b438c9f8c8ea3ef3a43f9 p.toggler.activeTitle .toggle_icon > span{\ncolor:#ffffff;\nborder-color:#ffffff;\n}\n#top .togglecontainer.av-l3f23n-4f069840b31b438c9f8c8ea3ef3a43f9 .toggle_wrap .toggle_content{\ncolor:#ffffff;\nbackground-color:#0a5472;\nborder-color:#ffffff;\n}\n<\/style>\n<div  class='togglecontainer av-l3f23n-4f069840b31b438c9f8c8ea3ef3a43f9 av-elegant-toggle  avia-builder-el-7  el_after_av_heading  avia-builder-el-last ' >\n<section class='av_toggle_section av-j9wioz-2c9a4dc1539170bf7c0d4a44c9e2be9b'  itemscope=\"itemscope\" itemtype=\"https:\/\/schema.org\/CreativeWork\" ><div role=\"tablist\" class=\"single_toggle\" data-tags=\"{Alle} \"  ><p id='toggle-toggle-id-1' data-fake-id='#toggle-id-1' class='toggler  av-title-above av-inherit-border-color'  itemprop=\"headline\"  role='tab' tabindex='0' aria-controls='toggle-id-1' data-slide-speed=\"200\" data-title=\"Was ist der Global Transition Award?\" data-title-open=\"\" data-aria_collapsed=\"Click to expand: Was ist der Global Transition Award?\" data-aria_expanded=\"Click to collapse: Was ist der Global Transition Award?\">Was ist der Global Transition Award?<span class=\"toggle_icon\"><span class=\"vert_icon\"><\/span><span class=\"hor_icon\"><\/span><\/span><\/p><div id='toggle-id-1' aria-labelledby='toggle-toggle-id-1' role='region' class='toggle_wrap  av-title-above'  ><div class='toggle_content invers-color av-inherit-border-color'  itemprop=\"text\" ><p>Der Global Transition Award ist eine Auszeichnung f\u00fcr Unternehmen, die als Vorreiter den \u00dcbergang in eine 1.5 \u00b0C-Zukunft m\u00f6glich machen.<\/p>\n<\/div><\/div><\/div><\/section>\n<section class='av_toggle_section av-gtwnhf-ff91ab0cef767c93996f6a230080f68f'  itemscope=\"itemscope\" itemtype=\"https:\/\/schema.org\/CreativeWork\" ><div role=\"tablist\" class=\"single_toggle\" data-tags=\"{Alle} \"  ><p id='toggle-toggle-id-2' data-fake-id='#toggle-id-2' class='toggler  av-title-above av-inherit-border-color'  itemprop=\"headline\"  role='tab' tabindex='0' aria-controls='toggle-id-2' data-slide-speed=\"200\" data-title=\"Warum sollten Sie sich beim Global Transition Award bewerben?\" data-title-open=\"\" data-aria_collapsed=\"Click to expand: Warum sollten Sie sich beim Global Transition Award bewerben?\" data-aria_expanded=\"Click to collapse: Warum sollten Sie sich beim Global Transition Award bewerben?\">Warum sollten Sie sich beim Global Transition Award bewerben?<span class=\"toggle_icon\"><span class=\"vert_icon\"><\/span><span class=\"hor_icon\"><\/span><\/span><\/p><div id='toggle-id-2' aria-labelledby='toggle-toggle-id-2' role='region' class='toggle_wrap  av-title-above'  ><div class='toggle_content invers-color av-inherit-border-color'  itemprop=\"text\" ><p>Mit dem Global Transition Award legen wir gemeinsam mit Ihnen den Grundstein f\u00fcr den Weg in eine 1.5 \u00b0C Zukunft. Wir m\u00f6chten beispielhafte Ziele und Strategien aufzeigen, die schon heute von unseren Bewerbern intensiv gelebt und umgesetzt werden. Als Bewerber des Global Transition Award stellen Sie ein Vorbild dar, welches die ersten Schritte in eine klimagerechte Zukunft geht.<\/p>\n<\/div><\/div><\/div><\/section>\n<section class='av_toggle_section av-gib4mb-23edd3b17a87c032245458e9d54b5147'  itemscope=\"itemscope\" itemtype=\"https:\/\/schema.org\/CreativeWork\" ><div role=\"tablist\" class=\"single_toggle\" data-tags=\"{Alle} \"  ><p id='toggle-toggle-id-3' data-fake-id='#toggle-id-3' class='toggler  av-title-above av-inherit-border-color'  itemprop=\"headline\"  role='tab' tabindex='0' aria-controls='toggle-id-3' data-slide-speed=\"200\" data-title=\"Wie k\u00f6nnen Sie sich beim Global Transition bewerben?\" data-title-open=\"\" data-aria_collapsed=\"Click to expand: Wie k\u00f6nnen Sie sich beim Global Transition bewerben?\" data-aria_expanded=\"Click to collapse: Wie k\u00f6nnen Sie sich beim Global Transition bewerben?\">Wie k\u00f6nnen Sie sich beim Global Transition bewerben?<span class=\"toggle_icon\"><span class=\"vert_icon\"><\/span><span class=\"hor_icon\"><\/span><\/span><\/p><div id='toggle-id-3' aria-labelledby='toggle-toggle-id-3' role='region' class='toggle_wrap  av-title-above'  ><div class='toggle_content invers-color av-inherit-border-color'  itemprop=\"text\" ><p>Die Bewerbung des Global Transition Awards 2024 besteht aus folgenden Schritten.<\/p>\n<ol>\n<li>Sie erhalten nach Registrierung einen pers\u00f6nlichen Link zum quantitativen Fragebogen. Reichen Sie diesen m\u00f6glichst bis zum 21. Juni, sp\u00e4testens bis 05. Juli 2024, ein.<\/li>\n<li>Auf Grundlage des eingereichten Fragebogens, wird Ihre Klima-Performance berechnet, die dar\u00fcber entscheidet, ob Sie die n\u00e4chste Bewerbungsstufe erreichen.<\/li>\n<li>Sie erhalten ihre Klimaperformance inkl. Einladung zur zweiten Bewerbungsstufe Mitte, innerhalb von zwei Wochen.<\/li>\n<li>Erreichen Sie die n\u00e4chste Bewerbungsstufe erhalten Sie den qualitativen Fragebogen, bitte reichen Sie diesen bis sp\u00e4testens 12. Juli 2024 ein.<\/li>\n<\/ol>\n<p>Wenn alle Schritte erfolgreich abgeschlossen worden sind, ist Ihre Bewerbung f\u00fcr den Global Transition Award 2024 vollst\u00e4ndig. Weiterf\u00fchrende Informationen zu den Frageb\u00f6gen finden sie <a title=\"Zur Methodikseite\" href=\"https:\/\/award.handelsblatt.com\/global-transition\/methodik\/\">hier<\/a>.<\/p>\n<\/div><\/div><\/div><\/section>\n<section class='av_toggle_section av-e8it8z-10c5abe7dfba54d8445e400f0b03b7b0'  itemscope=\"itemscope\" itemtype=\"https:\/\/schema.org\/CreativeWork\" ><div role=\"tablist\" class=\"single_toggle\" data-tags=\"{Alle} \"  ><p id='toggle-toggle-id-4' data-fake-id='#toggle-id-4' class='toggler  av-title-above av-inherit-border-color'  itemprop=\"headline\"  role='tab' tabindex='0' aria-controls='toggle-id-4' data-slide-speed=\"200\" data-title=\"Wie wird beim Global Transition Award bewertet?\" data-title-open=\"\" data-aria_collapsed=\"Click to expand: Wie wird beim Global Transition Award bewertet?\" data-aria_expanded=\"Click to collapse: Wie wird beim Global Transition Award bewertet?\">Wie wird beim Global Transition Award bewertet?<span class=\"toggle_icon\"><span class=\"vert_icon\"><\/span><span class=\"hor_icon\"><\/span><\/span><\/p><div id='toggle-id-4' aria-labelledby='toggle-toggle-id-4' role='region' class='toggle_wrap  av-title-above'  ><div class='toggle_content invers-color av-inherit-border-color'  itemprop=\"text\" ><p>Wir bewerten in zwei Phasen die eingegangenen Bewerbungen. Im ersten Schritt, dem Pre-Screening, beziehen wir das X-Degree Compatibility (XDC) Modell von right\u00b0 als Bewertungsgrundlage mit ein. Dieses berechnet die Klimaperformance der Bewerber im Status Quo sowie unter Ber\u00fccksichtigung ihrer Klimaziele \u2013 ganz konkret in \u00b0C. right\u00b0 pr\u00fcft dar\u00fcber hinaus qualitativ die Strategien der Unternehmen. Hierbei ist es nicht entscheidend, dass Sie bereits eine niedrige Klimaperformance haben, sondern vielmehr wie Sie planen, Ihre Klimaperformance zu verbessern. In einer zweiten Phase pr\u00fcft eine unabh\u00e4ngige Jury die Bewerbungen anhand der genannten Kriterien.<\/p>\n<\/div><\/div><\/div><\/section>\n<section class='av_toggle_section av-d5ycoj-db7ebd324fb072a704bc8e2f398dc8a4'  itemscope=\"itemscope\" itemtype=\"https:\/\/schema.org\/CreativeWork\" ><div role=\"tablist\" class=\"single_toggle\" data-tags=\"{Alle} \"  ><p id='toggle-toggle-id-5' data-fake-id='#toggle-id-5' class='toggler  av-title-above av-inherit-border-color'  itemprop=\"headline\"  role='tab' tabindex='0' aria-controls='toggle-id-5' data-slide-speed=\"200\" data-title=\"Wer wird ausgezeichnet?\" data-title-open=\"\" data-aria_collapsed=\"Click to expand: Wer wird ausgezeichnet?\" data-aria_expanded=\"Click to collapse: Wer wird ausgezeichnet?\">Wer wird ausgezeichnet?<span class=\"toggle_icon\"><span class=\"vert_icon\"><\/span><span class=\"hor_icon\"><\/span><\/span><\/p><div id='toggle-id-5' aria-labelledby='toggle-toggle-id-5' role='region' class='toggle_wrap  av-title-above'  ><div class='toggle_content invers-color av-inherit-border-color'  itemprop=\"text\" ><p>Beim Global Transition Award kann jedes Unternehmen ausgezeichnet werden, welches bereits Ziele und Strategien festgelegt hat, um die eigene Klimaperformance oder mittels der eigenen Produkte die Klimaperformance anderer Unternehmen zu verbessern. Wir zeichnen beim Global Transition Award keine Pl\u00e4tze 1 \u2013 3, sondern eine Gruppe von Unternehmen aus, die den Weg f\u00fcr eine klimagerechte Zukunft im Einklang mit dem Pariser Klimaziel bereiten. Es werden lediglich die Unternehmen aus der Gewinnergruppe \u00f6ffentlich bekannt gegeben. Die restlichen Bewerbungen werden nicht ver\u00f6ffentlicht.<\/p>\n<\/div><\/div><\/div><\/section>\n<section class='av_toggle_section av-bk38eb-670797f48296b459fa043d75435ec7d7'  itemscope=\"itemscope\" itemtype=\"https:\/\/schema.org\/CreativeWork\" ><div role=\"tablist\" class=\"single_toggle\" data-tags=\"{Alle} \"  ><p id='toggle-toggle-id-6' data-fake-id='#toggle-id-6' class='toggler  av-title-above av-inherit-border-color'  itemprop=\"headline\"  role='tab' tabindex='0' aria-controls='toggle-id-6' data-slide-speed=\"200\" data-title=\"Was beinhaltet die Auszeichnung f\u00fcr Sie?\" data-title-open=\"\" data-aria_collapsed=\"Click to expand: Was beinhaltet die Auszeichnung f\u00fcr Sie?\" data-aria_expanded=\"Click to collapse: Was beinhaltet die Auszeichnung f\u00fcr Sie?\">Was beinhaltet die Auszeichnung f\u00fcr Sie?<span class=\"toggle_icon\"><span class=\"vert_icon\"><\/span><span class=\"hor_icon\"><\/span><\/span><\/p><div id='toggle-id-6' aria-labelledby='toggle-toggle-id-6' role='region' class='toggle_wrap  av-title-above'  ><div class='toggle_content invers-color av-inherit-border-color'  itemprop=\"text\" ><ul>\n<li>Erhalt der Global Transition Award Troph\u00e4e auf der Preisverleihung Anfang Februar 2025 in D\u00fcsseldorf.<\/li>\n<li>B\u00fchnenpr\u00e4senz und Kurzinterview auf der Preisverleihung<\/li>\n<li>Gewinneranzeige am Folgetag der Preisverleihung im Handelsblatt<\/li>\n<li>Sie erhalten die M\u00f6glichkeit eines Exklusivinterviews im Global Transition Report, sowie die Vorstellung Ihres Best-Cases in Bezug auf das Thema Nachhaltigkeit<\/li>\n<li>Vorstellung der Gewinner Cases innerhalb eines Advertorials im Handelsblatt<\/li>\n<li>Mitglied des Global Transition Award Netzwerks und damit verbunden Exklusivtickets f\u00fcr die Preisverleihungen der Folgejahre, sowie anderen Global Transition Award Veranstaltungen [1]<\/li>\n<li>Austausch innerhalb des exklusiven Global Transition Netzwerks mit Experten aus dem Nachhaltigkeitsumfeld<\/li>\n<\/ul>\n<p>[1] Aktueller Planungsstand. \u00c4nderungen vorbehalten.<\/p>\n<\/div><\/div><\/div><\/section>\n<section class='av_toggle_section av-9iohib-63e20bcec245f91032c75499152c8e58'  itemscope=\"itemscope\" itemtype=\"https:\/\/schema.org\/CreativeWork\" ><div role=\"tablist\" class=\"single_toggle\" data-tags=\"{Alle} \"  ><p id='toggle-toggle-id-7' data-fake-id='#toggle-id-7' class='toggler  av-title-above av-inherit-border-color'  itemprop=\"headline\"  role='tab' tabindex='0' aria-controls='toggle-id-7' data-slide-speed=\"200\" data-title=\"Was sind die wichtigsten Termine?\" data-title-open=\"\" data-aria_collapsed=\"Click to expand: Was sind die wichtigsten Termine?\" data-aria_expanded=\"Click to collapse: Was sind die wichtigsten Termine?\">Was sind die wichtigsten Termine?<span class=\"toggle_icon\"><span class=\"vert_icon\"><\/span><span class=\"hor_icon\"><\/span><\/span><\/p><div id='toggle-id-7' aria-labelledby='toggle-toggle-id-7' role='region' class='toggle_wrap  av-title-above'  ><div class='toggle_content invers-color av-inherit-border-color'  itemprop=\"text\" ><p>Bewerbungsschluss: 12. Juli 2024<\/p>\n<p>Pre-Screening: 12. Juli \u2013 31. August 2024<\/p>\n<p>Jurysitzung: Anfang Oktober 2024<\/p>\n<p>Preisverleihung: 29. Januar 2025<\/p>\n<p>Bitte beachten Sie, dass eine Teilnahme an der Preisverleihung verpflichtend ist, sofern wir Sie auszeichnen.<\/p>\n<\/div><\/div><\/div><\/section>\n<section class='av_toggle_section av-sjbvn-14034e7fce6267f02304db0d2bafe617'  itemscope=\"itemscope\" itemtype=\"https:\/\/schema.org\/CreativeWork\" ><div role=\"tablist\" class=\"single_toggle\" data-tags=\"{Alle} \"  ><p id='toggle-toggle-id-8' data-fake-id='#toggle-id-8' class='toggler  av-title-above av-inherit-border-color'  itemprop=\"headline\"  role='tab' tabindex='0' aria-controls='toggle-id-8' data-slide-speed=\"200\" data-title=\"Wie erhalten Sie Einblick in Ihre Klimaperformance?\" data-title-open=\"\" data-aria_collapsed=\"Click to expand: Wie erhalten Sie Einblick in Ihre Klimaperformance?\" data-aria_expanded=\"Click to collapse: Wie erhalten Sie Einblick in Ihre Klimaperformance?\">Wie erhalten Sie Einblick in Ihre Klimaperformance?<span class=\"toggle_icon\"><span class=\"vert_icon\"><\/span><span class=\"hor_icon\"><\/span><\/span><\/p><div id='toggle-id-8' aria-labelledby='toggle-toggle-id-8' role='region' class='toggle_wrap  av-title-above'  ><div class='toggle_content invers-color av-inherit-border-color'  itemprop=\"text\" ><p>Mit Ihrer Bewerbung erhalten Sie mit Abschluss des quantitativen Fragebogens anhand des \u00b0Compass einen Einblick in Ihre Klimaperformance.<\/p>\n<\/div><\/div><\/div><\/section>\n<section class='av_toggle_section av-5ih32r-0fe57b52276da3867d10aa3cf18c821f'  itemscope=\"itemscope\" itemtype=\"https:\/\/schema.org\/CreativeWork\" ><div role=\"tablist\" class=\"single_toggle\" data-tags=\"{Alle} \"  ><p id='toggle-toggle-id-9' data-fake-id='#toggle-id-9' class='toggler  av-title-above av-inherit-border-color'  itemprop=\"headline\"  role='tab' tabindex='0' aria-controls='toggle-id-9' data-slide-speed=\"200\" data-title=\"K\u00f6nnen Sie sich im Vorfeld den Fragebogen unverbindlich ansehen?\" data-title-open=\"\" data-aria_collapsed=\"Click to expand: K\u00f6nnen Sie sich im Vorfeld den Fragebogen unverbindlich ansehen?\" data-aria_expanded=\"Click to collapse: K\u00f6nnen Sie sich im Vorfeld den Fragebogen unverbindlich ansehen?\">K\u00f6nnen Sie sich im Vorfeld den Fragebogen unverbindlich ansehen?<span class=\"toggle_icon\"><span class=\"vert_icon\"><\/span><span class=\"hor_icon\"><\/span><\/span><\/p><div id='toggle-id-9' aria-labelledby='toggle-toggle-id-9' role='region' class='toggle_wrap  av-title-above'  ><div class='toggle_content invers-color av-inherit-border-color'  itemprop=\"text\" ><p>Ja, Sie k\u00f6nnen sich \u00fcber die Anmeldemaske anmelden und erhalten Sie die M\u00f6glichkeit die Frageb\u00f6gen als PDF Dokument vorab runter zu laden. Dies erleichtert es f\u00fcr Sie, die Fragen auch von verschiedenen Abteilungen einzusammeln. Bitte beachten Sie jedoch, dass lediglich die im Tool eingegebenen Daten eine g\u00fcltige Bewerbung darstellen. Ausgef\u00fcllte PDF Dateien gelten nicht und dienen lediglich der Information.<\/p>\n<\/div><\/div><\/div><\/section>\n<section class='av_toggle_section av-3jjxhv-653e822a0145a0d0494ca2e2db54b334'  itemscope=\"itemscope\" itemtype=\"https:\/\/schema.org\/CreativeWork\" ><div role=\"tablist\" class=\"single_toggle\" data-tags=\"{Alle} \"  ><p id='toggle-toggle-id-10' data-fake-id='#toggle-id-10' class='toggler  av-title-above av-inherit-border-color'  itemprop=\"headline\"  role='tab' tabindex='0' aria-controls='toggle-id-10' data-slide-speed=\"200\" data-title=\"Fallen Geb\u00fchren f\u00fcr die Bewerbung an?\" data-title-open=\"\" data-aria_collapsed=\"Click to expand: Fallen Geb\u00fchren f\u00fcr die Bewerbung an?\" data-aria_expanded=\"Click to collapse: Fallen Geb\u00fchren f\u00fcr die Bewerbung an?\">Fallen Geb\u00fchren f\u00fcr die Bewerbung an?<span class=\"toggle_icon\"><span class=\"vert_icon\"><\/span><span class=\"hor_icon\"><\/span><\/span><\/p><div id='toggle-id-10' aria-labelledby='toggle-toggle-id-10' role='region' class='toggle_wrap  av-title-above'  ><div class='toggle_content invers-color av-inherit-border-color'  itemprop=\"text\" ><p>Die Bewerbung f\u00fcr den Global Transition Award ist f\u00fcr Sie kostenfrei. Reisekosten, die im Rahmen des Awards entstehen (z.B. Anreise zur Preisverleihung) werden nicht \u00fcbernommen.<\/p>\n<\/div><\/div><\/div><\/section>\n<section class='av_toggle_section av-32pksj-9eaa5e4f7e1f02271ad1d4e0334e2eff'  itemscope=\"itemscope\" itemtype=\"https:\/\/schema.org\/CreativeWork\" ><div role=\"tablist\" class=\"single_toggle\" data-tags=\"{Alle} \"  ><p id='toggle-toggle-id-11' data-fake-id='#toggle-id-11' class='toggler  av-title-above av-inherit-border-color'  itemprop=\"headline\"  role='tab' tabindex='0' aria-controls='toggle-id-11' data-slide-speed=\"200\" data-title=\"Aus welchem Jahr ben\u00f6tigen Sie Emissionsdaten f\u00fcr eine Bewerbung?\" data-title-open=\"\" data-aria_collapsed=\"Click to expand: Aus welchem Jahr ben\u00f6tigen Sie Emissionsdaten f\u00fcr eine Bewerbung?\" data-aria_expanded=\"Click to collapse: Aus welchem Jahr ben\u00f6tigen Sie Emissionsdaten f\u00fcr eine Bewerbung?\">Aus welchem Jahr ben\u00f6tigen Sie Emissionsdaten f\u00fcr eine Bewerbung?<span class=\"toggle_icon\"><span class=\"vert_icon\"><\/span><span class=\"hor_icon\"><\/span><\/span><\/p><div id='toggle-id-11' aria-labelledby='toggle-toggle-id-11' role='region' class='toggle_wrap  av-title-above'  ><div class='toggle_content invers-color av-inherit-border-color'  itemprop=\"text\" ><p>Sie k\u00f6nnen f\u00fcr die Eingabe der Emissionsdaten die Basisjahre 2019, 2020 oder 2021 ausw\u00e4hlen. Sollten Ihnen f\u00fcr keines dieser Jahre Emissionsdaten vorliegen, k\u00f6nnen Sie sich aktuell leider nicht auf den Global Transition Award bewerben.<\/p>\n<\/div><\/div><\/div><\/section>\n<\/div>\n\n","protected":false},"excerpt":{"rendered":"","protected":false},"author":46,"featured_media":0,"parent":17,"menu_order":0,"comment_status":"closed","ping_status":"closed","template":"","meta":{"_acf_changed":false,"footnotes":""},"class_list":["post-1107","page","type-page","status-publish","hentry"],"acf":[],"_links":{"self":[{"href":"https:\/\/award.handelsblatt.com\/global-transition\/wp-json\/wp\/v2\/pages\/1107","targetHints":{"allow":["GET"]}}],"collection":[{"href":"https:\/\/award.handelsblatt.com\/global-transition\/wp-json\/wp\/v2\/pages"}],"about":[{"href":"https:\/\/award.handelsblatt.com\/global-transition\/wp-json\/wp\/v2\/types\/page"}],"author":[{"embeddable":true,"href":"https:\/\/award.handelsblatt.com\/global-transition\/wp-json\/wp\/v2\/users\/46"}],"replies":[{"embeddable":true,"href":"https:\/\/award.handelsblatt.com\/global-transition\/wp-json\/wp\/v2\/comments?post=1107"}],"version-history":[{"count":34,"href":"https:\/\/award.handelsblatt.com\/global-transition\/wp-json\/wp\/v2\/pages\/1107\/revisions"}],"predecessor-version":[{"id":2788,"href":"https:\/\/award.handelsblatt.com\/global-transition\/wp-json\/wp\/v2\/pages\/1107\/revisions\/2788"}],"up":[{"embeddable":true,"href":"https:\/\/award.handelsblatt.com\/global-transition\/wp-json\/wp\/v2\/pages\/17"}],"wp:attachment":[{"href":"https:\/\/award.handelsblatt.com\/global-transition\/wp-json\/wp\/v2\/media?parent=1107"}],"curies":[{"name":"wp","href":"https:\/\/api.w.org\/{rel}","templated":true}]}}